{"id":104,"date":"2020-10-18T17:08:30","date_gmt":"2020-10-18T15:08:30","guid":{"rendered":"http:\/\/oureib.fr\/?page_id=104"},"modified":"2025-09-14T12:20:15","modified_gmt":"2025-09-14T10:20:15","slug":"theorie-des-contraintes-en-sante","status":"publish","type":"page","link":"https:\/\/oureib.fr\/index.php\/theorie-des-contraintes-en-sante\/","title":{"rendered":"Th\u00e9orie des Contraintes en Sant\u00e9"},"content":{"rendered":"<ul class=\"wp-block-latest-posts__list wp-block-latest-posts\"><li><a class=\"wp-block-latest-posts__post-title\" href=\"https:\/\/oureib.fr\/index.php\/2024\/02\/29\/petite-bibliographie-t-o-c-en-sante\/\">Petite Bibliographie T.O.C. en sant\u00e9<\/a><\/li>\n<li><a class=\"wp-block-latest-posts__post-title\" href=\"https:\/\/oureib.fr\/index.php\/2022\/08\/06\/toc-et-systeme-de-sante\/\">Th\u00e9orie des Contraintes (TOC) et syst\u00e8me de sant\u00e9?<\/a><\/li>\n<\/ul>\n\n\n<p><\/p>\n","protected":false},"excerpt":{"rendered":"","protected":false},"author":1,"featured_media":0,"parent":0,"menu_order":0,"comment_status":"closed","ping_status":"closed","template":"onecolumn-page.php","meta":{"footnotes":""},"class_list":["post-104","page","type-page","status-publish","hentry"],"yoast_head":"<!-- This site is optimized with the Yoast SEO plugin v27.3 - https:\/\/yoast.com\/product\/yoast-seo-wordpress\/ -->\n<title>Th\u00e9orie des Contraintes en Sant\u00e9 - La Ferme Wallace<\/title>\n<meta name=\"robots\" content=\"index, follow, max-snippet:-1, max-image-preview:large, max-video-preview:-1\" \/>\n<link rel=\"canonical\" href=\"https:\/\/oureib.fr\/index.php\/theorie-des-contraintes-en-sante\/\" \/>\n<meta property=\"og:locale\" content=\"fr_FR\" \/>\n<meta property=\"og:type\" content=\"article\" \/>\n<meta property=\"og:title\" content=\"Th\u00e9orie des Contraintes en Sant\u00e9 - La Ferme Wallace\" \/>\n<meta property=\"og:url\" content=\"https:\/\/oureib.fr\/index.php\/theorie-des-contraintes-en-sante\/\" \/>\n<meta property=\"og:site_name\" content=\"La Ferme Wallace\" \/>\n<meta property=\"article:modified_time\" content=\"2025-09-14T10:20:15+00:00\" \/>\n<meta name=\"twitter:card\" content=\"summary_large_image\" \/>\n<script type=\"application\/ld+json\" class=\"yoast-schema-graph\">{\"@context\":\"https:\\\/\\\/schema.org\",\"@graph\":[{\"@type\":\"WebPage\",\"@id\":\"https:\\\/\\\/oureib.fr\\\/index.php\\\/theorie-des-contraintes-en-sante\\\/\",\"url\":\"https:\\\/\\\/oureib.fr\\\/index.php\\\/theorie-des-contraintes-en-sante\\\/\",\"name\":\"Th\u00e9orie des Contraintes en Sant\u00e9 - La Ferme Wallace\",\"isPartOf\":{\"@id\":\"https:\\\/\\\/oureib.fr\\\/#website\"},\"datePublished\":\"2020-10-18T15:08:30+00:00\",\"dateModified\":\"2025-09-14T10:20:15+00:00\",\"breadcrumb\":{\"@id\":\"https:\\\/\\\/oureib.fr\\\/index.php\\\/theorie-des-contraintes-en-sante\\\/#breadcrumb\"},\"inLanguage\":\"fr-FR\",\"potentialAction\":[{\"@type\":\"ReadAction\",\"target\":[\"https:\\\/\\\/oureib.fr\\\/index.php\\\/theorie-des-contraintes-en-sante\\\/\"]}]},{\"@type\":\"BreadcrumbList\",\"@id\":\"https:\\\/\\\/oureib.fr\\\/index.php\\\/theorie-des-contraintes-en-sante\\\/#breadcrumb\",\"itemListElement\":[{\"@type\":\"ListItem\",\"position\":1,\"name\":\"Accueil\",\"item\":\"https:\\\/\\\/oureib.fr\\\/\"},{\"@type\":\"ListItem\",\"position\":2,\"name\":\"Th\u00e9orie des Contraintes en Sant\u00e9\"}]},{\"@type\":\"WebSite\",\"@id\":\"https:\\\/\\\/oureib.fr\\\/#website\",\"url\":\"https:\\\/\\\/oureib.fr\\\/\",\"name\":\"La Ferme Wallace\",\"description\":\"&quot;\u2014\u00a0Enoch, je vous aime bien. Je ne sais pas ce que vous \u00eates et je ne vais pas vous le demander mais \u00e7a n&#039;emp\u00eache pas que je vous aime bien. \u2014\u00a0Je voudrais pouvoir vous dire ce que je suis.  \u2014\u00a0Ce que nous sommes, vous comme moi, \u00e7a n&#039;a pas beaucoup d&#039;importance tant qu&#039;on se trouve bien ensemble.&quot;\",\"potentialAction\":[{\"@type\":\"SearchAction\",\"target\":{\"@type\":\"EntryPoint\",\"urlTemplate\":\"https:\\\/\\\/oureib.fr\\\/?s={search_term_string}\"},\"query-input\":{\"@type\":\"PropertyValueSpecification\",\"valueRequired\":true,\"valueName\":\"search_term_string\"}}],\"inLanguage\":\"fr-FR\"}]}<\/script>\n<!-- \/ Yoast SEO plugin. -->","yoast_head_json":{"title":"Th\u00e9orie des Contraintes en Sant\u00e9 - La Ferme Wallace","robots":{"index":"index","follow":"follow","max-snippet":"max-snippet:-1","max-image-preview":"max-image-preview:large","max-video-preview":"max-video-preview:-1"},"canonical":"https:\/\/oureib.fr\/index.php\/theorie-des-contraintes-en-sante\/","og_locale":"fr_FR","og_type":"article","og_title":"Th\u00e9orie des Contraintes en Sant\u00e9 - La Ferme Wallace","og_url":"https:\/\/oureib.fr\/index.php\/theorie-des-contraintes-en-sante\/","og_site_name":"La Ferme Wallace","article_modified_time":"2025-09-14T10:20:15+00:00","twitter_card":"summary_large_image","schema":{"@context":"https:\/\/schema.org","@graph":[{"@type":"WebPage","@id":"https:\/\/oureib.fr\/index.php\/theorie-des-contraintes-en-sante\/","url":"https:\/\/oureib.fr\/index.php\/theorie-des-contraintes-en-sante\/","name":"Th\u00e9orie des Contraintes en Sant\u00e9 - La Ferme Wallace","isPartOf":{"@id":"https:\/\/oureib.fr\/#website"},"datePublished":"2020-10-18T15:08:30+00:00","dateModified":"2025-09-14T10:20:15+00:00","breadcrumb":{"@id":"https:\/\/oureib.fr\/index.php\/theorie-des-contraintes-en-sante\/#breadcrumb"},"inLanguage":"fr-FR","potentialAction":[{"@type":"ReadAction","target":["https:\/\/oureib.fr\/index.php\/theorie-des-contraintes-en-sante\/"]}]},{"@type":"BreadcrumbList","@id":"https:\/\/oureib.fr\/index.php\/theorie-des-contraintes-en-sante\/#breadcrumb","itemListElement":[{"@type":"ListItem","position":1,"name":"Accueil","item":"https:\/\/oureib.fr\/"},{"@type":"ListItem","position":2,"name":"Th\u00e9orie des Contraintes en Sant\u00e9"}]},{"@type":"WebSite","@id":"https:\/\/oureib.fr\/#website","url":"https:\/\/oureib.fr\/","name":"La Ferme Wallace","description":"&quot;\u2014\u00a0Enoch, je vous aime bien. Je ne sais pas ce que vous \u00eates et je ne vais pas vous le demander mais \u00e7a n&#039;emp\u00eache pas que je vous aime bien. \u2014\u00a0Je voudrais pouvoir vous dire ce que je suis.  \u2014\u00a0Ce que nous sommes, vous comme moi, \u00e7a n&#039;a pas beaucoup d&#039;importance tant qu&#039;on se trouve bien ensemble.&quot;","potentialAction":[{"@type":"SearchAction","target":{"@type":"EntryPoint","urlTemplate":"https:\/\/oureib.fr\/?s={search_term_string}"},"query-input":{"@type":"PropertyValueSpecification","valueRequired":true,"valueName":"search_term_string"}}],"inLanguage":"fr-FR"}]}},"jetpack_sharing_enabled":true,"_links":{"self":[{"href":"https:\/\/oureib.fr\/index.php\/wp-json\/wp\/v2\/pages\/104","targetHints":{"allow":["GET"]}}],"collection":[{"href":"https:\/\/oureib.fr\/index.php\/wp-json\/wp\/v2\/pages"}],"about":[{"href":"https:\/\/oureib.fr\/index.php\/wp-json\/wp\/v2\/types\/page"}],"author":[{"embeddable":true,"href":"https:\/\/oureib.fr\/index.php\/wp-json\/wp\/v2\/users\/1"}],"replies":[{"embeddable":true,"href":"https:\/\/oureib.fr\/index.php\/wp-json\/wp\/v2\/comments?post=104"}],"version-history":[{"count":20,"href":"https:\/\/oureib.fr\/index.php\/wp-json\/wp\/v2\/pages\/104\/revisions"}],"predecessor-version":[{"id":304,"href":"https:\/\/oureib.fr\/index.php\/wp-json\/wp\/v2\/pages\/104\/revisions\/304"}],"wp:attachment":[{"href":"https:\/\/oureib.fr\/index.php\/wp-json\/wp\/v2\/media?parent=104"}],"curies":[{"name":"wp","href":"https:\/\/api.w.org\/{rel}","templated":true}]}}