{"id":2,"date":"2018-04-07T18:51:16","date_gmt":"2018-04-07T16:51:16","guid":{"rendered":"http:\/\/oureib.fr\/?page_id=2"},"modified":"2025-09-14T12:26:42","modified_gmt":"2025-09-14T10:26:42","slug":"presentation","status":"publish","type":"page","link":"https:\/\/oureib.fr\/","title":{"rendered":"La Ferme Wallace?"},"content":{"rendered":"<p>Enoch Wallace, le personnage principal du roman de Clifford Simak \u00ab\u00a0<a href=\"https:\/\/www.noosfere.org\/livres\/EditionsLivre.asp?numitem=301&amp;ti=1&amp;numauteur=207\">Au Carrefour Des Etoiles<\/a>\u00ab\u00a0, fait fonctionner un relais de voyageurs de toute la galaxie. Pour ce faire il a du devenir un \u00e9tranger \u00e0 son propre monde.\u00a0 Mais que de merveilles! des essences venues de mondes lointains, des voyageurs plus \u00e9tranges les uns que les autres, des cadeaux ind\u00e9chiffrables&#8230; Et Wallace qui ne sait que faire de tout cela.<\/p>\n<p>Moi non plus je ne sais pas quoi faire de tout cela. J&rsquo;esp\u00e8re que j&rsquo;en ferai quelque chose. M\u00eame s&rsquo;il existe de grandes chances qu&rsquo;il n&rsquo;en sorte rien<\/p>\n<p>Nous verrons<\/p>\n<p>Jean Oureib<\/p>\n","protected":false},"excerpt":{"rendered":"<p>Enoch Wallace, le personnage principal du roman de Clifford Simak \u00ab\u00a0Au Carrefour Des Etoiles\u00ab\u00a0, fait fonctionner un relais de voyageurs de toute la galaxie. Pour ce faire il a du devenir un \u00e9tranger \u00e0 son propre monde.\u00a0 Mais que de &hellip; <a href=\"https:\/\/oureib.fr\/\">Continuer la lecture <span class=\"meta-nav\">&rarr;<\/span><\/a><\/p>\n","protected":false},"author":1,"featured_media":0,"parent":0,"menu_order":0,"comment_status":"closed","ping_status":"open","template":"","meta":{"footnotes":""},"class_list":["post-2","page","type-page","status-publish","hentry"],"yoast_head":"<!-- This site is optimized with the Yoast SEO plugin v27.3 - https:\/\/yoast.com\/product\/yoast-seo-wordpress\/ -->\n<title>La Ferme Wallace? - La Ferme Wallace<\/title>\n<meta name=\"robots\" content=\"index, follow, max-snippet:-1, max-image-preview:large, max-video-preview:-1\" \/>\n<link rel=\"canonical\" href=\"https:\/\/oureib.fr\/\" \/>\n<meta property=\"og:locale\" content=\"fr_FR\" \/>\n<meta property=\"og:type\" content=\"article\" \/>\n<meta property=\"og:title\" content=\"La Ferme Wallace? - La Ferme Wallace\" \/>\n<meta property=\"og:description\" content=\"Enoch Wallace, le personnage principal du roman de Clifford Simak \u00ab\u00a0Au Carrefour Des Etoiles\u00ab\u00a0, fait fonctionner un relais de voyageurs de toute la galaxie. Pour ce faire il a du devenir un \u00e9tranger \u00e0 son propre monde.\u00a0 Mais que de &hellip; Continuer la lecture &rarr;\" \/>\n<meta property=\"og:url\" content=\"https:\/\/oureib.fr\/\" \/>\n<meta property=\"og:site_name\" content=\"La Ferme Wallace\" \/>\n<meta property=\"article:modified_time\" content=\"2025-09-14T10:26:42+00:00\" \/>\n<meta name=\"twitter:card\" content=\"summary_large_image\" \/>\n<meta name=\"twitter:label1\" content=\"Dur\u00e9e de lecture estim\u00e9e\" \/>\n\t<meta name=\"twitter:data1\" content=\"1 minute\" \/>\n<script type=\"application\/ld+json\" class=\"yoast-schema-graph\">{\"@context\":\"https:\\\/\\\/schema.org\",\"@graph\":[{\"@type\":\"WebPage\",\"@id\":\"https:\\\/\\\/oureib.fr\\\/\",\"url\":\"https:\\\/\\\/oureib.fr\\\/\",\"name\":\"La Ferme Wallace? - La Ferme Wallace\",\"isPartOf\":{\"@id\":\"https:\\\/\\\/oureib.fr\\\/#website\"},\"datePublished\":\"2018-04-07T16:51:16+00:00\",\"dateModified\":\"2025-09-14T10:26:42+00:00\",\"breadcrumb\":{\"@id\":\"https:\\\/\\\/oureib.fr\\\/#breadcrumb\"},\"inLanguage\":\"fr-FR\",\"potentialAction\":[{\"@type\":\"ReadAction\",\"target\":[\"https:\\\/\\\/oureib.fr\\\/\"]}]},{\"@type\":\"BreadcrumbList\",\"@id\":\"https:\\\/\\\/oureib.fr\\\/#breadcrumb\",\"itemListElement\":[{\"@type\":\"ListItem\",\"position\":1,\"name\":\"Accueil\",\"item\":\"https:\\\/\\\/oureib.fr\\\/\"},{\"@type\":\"ListItem\",\"position\":2,\"name\":\"La Ferme Wallace?\"}]},{\"@type\":\"WebSite\",\"@id\":\"https:\\\/\\\/oureib.fr\\\/#website\",\"url\":\"https:\\\/\\\/oureib.fr\\\/\",\"name\":\"La Ferme Wallace\",\"description\":\"&quot;\u2014\u00a0Enoch, je vous aime bien. Je ne sais pas ce que vous \u00eates et je ne vais pas vous le demander mais \u00e7a n&#039;emp\u00eache pas que je vous aime bien. \u2014\u00a0Je voudrais pouvoir vous dire ce que je suis.  \u2014\u00a0Ce que nous sommes, vous comme moi, \u00e7a n&#039;a pas beaucoup d&#039;importance tant qu&#039;on se trouve bien ensemble.&quot;\",\"potentialAction\":[{\"@type\":\"SearchAction\",\"target\":{\"@type\":\"EntryPoint\",\"urlTemplate\":\"https:\\\/\\\/oureib.fr\\\/?s={search_term_string}\"},\"query-input\":{\"@type\":\"PropertyValueSpecification\",\"valueRequired\":true,\"valueName\":\"search_term_string\"}}],\"inLanguage\":\"fr-FR\"}]}<\/script>\n<!-- \/ Yoast SEO plugin. -->","yoast_head_json":{"title":"La Ferme Wallace? - La Ferme Wallace","robots":{"index":"index","follow":"follow","max-snippet":"max-snippet:-1","max-image-preview":"max-image-preview:large","max-video-preview":"max-video-preview:-1"},"canonical":"https:\/\/oureib.fr\/","og_locale":"fr_FR","og_type":"article","og_title":"La Ferme Wallace? - La Ferme Wallace","og_description":"Enoch Wallace, le personnage principal du roman de Clifford Simak \u00ab\u00a0Au Carrefour Des Etoiles\u00ab\u00a0, fait fonctionner un relais de voyageurs de toute la galaxie. Pour ce faire il a du devenir un \u00e9tranger \u00e0 son propre monde.\u00a0 Mais que de &hellip; Continuer la lecture &rarr;","og_url":"https:\/\/oureib.fr\/","og_site_name":"La Ferme Wallace","article_modified_time":"2025-09-14T10:26:42+00:00","twitter_card":"summary_large_image","twitter_misc":{"Dur\u00e9e de lecture estim\u00e9e":"1 minute"},"schema":{"@context":"https:\/\/schema.org","@graph":[{"@type":"WebPage","@id":"https:\/\/oureib.fr\/","url":"https:\/\/oureib.fr\/","name":"La Ferme Wallace? - La Ferme Wallace","isPartOf":{"@id":"https:\/\/oureib.fr\/#website"},"datePublished":"2018-04-07T16:51:16+00:00","dateModified":"2025-09-14T10:26:42+00:00","breadcrumb":{"@id":"https:\/\/oureib.fr\/#breadcrumb"},"inLanguage":"fr-FR","potentialAction":[{"@type":"ReadAction","target":["https:\/\/oureib.fr\/"]}]},{"@type":"BreadcrumbList","@id":"https:\/\/oureib.fr\/#breadcrumb","itemListElement":[{"@type":"ListItem","position":1,"name":"Accueil","item":"https:\/\/oureib.fr\/"},{"@type":"ListItem","position":2,"name":"La Ferme Wallace?"}]},{"@type":"WebSite","@id":"https:\/\/oureib.fr\/#website","url":"https:\/\/oureib.fr\/","name":"La Ferme Wallace","description":"&quot;\u2014\u00a0Enoch, je vous aime bien. Je ne sais pas ce que vous \u00eates et je ne vais pas vous le demander mais \u00e7a n&#039;emp\u00eache pas que je vous aime bien. \u2014\u00a0Je voudrais pouvoir vous dire ce que je suis.  \u2014\u00a0Ce que nous sommes, vous comme moi, \u00e7a n&#039;a pas beaucoup d&#039;importance tant qu&#039;on se trouve bien ensemble.&quot;","potentialAction":[{"@type":"SearchAction","target":{"@type":"EntryPoint","urlTemplate":"https:\/\/oureib.fr\/?s={search_term_string}"},"query-input":{"@type":"PropertyValueSpecification","valueRequired":true,"valueName":"search_term_string"}}],"inLanguage":"fr-FR"}]}},"jetpack_sharing_enabled":true,"_links":{"self":[{"href":"https:\/\/oureib.fr\/index.php\/wp-json\/wp\/v2\/pages\/2","targetHints":{"allow":["GET"]}}],"collection":[{"href":"https:\/\/oureib.fr\/index.php\/wp-json\/wp\/v2\/pages"}],"about":[{"href":"https:\/\/oureib.fr\/index.php\/wp-json\/wp\/v2\/types\/page"}],"author":[{"embeddable":true,"href":"https:\/\/oureib.fr\/index.php\/wp-json\/wp\/v2\/users\/1"}],"replies":[{"embeddable":true,"href":"https:\/\/oureib.fr\/index.php\/wp-json\/wp\/v2\/comments?post=2"}],"version-history":[{"count":4,"href":"https:\/\/oureib.fr\/index.php\/wp-json\/wp\/v2\/pages\/2\/revisions"}],"predecessor-version":[{"id":398,"href":"https:\/\/oureib.fr\/index.php\/wp-json\/wp\/v2\/pages\/2\/revisions\/398"}],"wp:attachment":[{"href":"https:\/\/oureib.fr\/index.php\/wp-json\/wp\/v2\/media?parent=2"}],"curies":[{"name":"wp","href":"https:\/\/api.w.org\/{rel}","templated":true}]}}