{"id":35,"date":"2019-10-27T16:27:19","date_gmt":"2019-10-27T15:27:19","guid":{"rendered":"http:\/\/oureib.fr\/?page_id=35"},"modified":"2025-09-14T12:23:09","modified_gmt":"2025-09-14T10:23:09","slug":"statistiques-howto","status":"publish","type":"page","link":"https:\/\/oureib.fr\/index.php\/statistiques-howto\/","title":{"rendered":"Statistiques Howto"},"content":{"rendered":"\t\t<div data-elementor-type=\"wp-page\" data-elementor-id=\"35\" class=\"elementor elementor-35\">\n\t\t\t\t<div class=\"elementor-element elementor-element-18e06532 e-flex e-con-boxed e-con e-parent\" data-id=\"18e06532\" data-element_type=\"container\" data-e-type=\"container\">\n\t\t\t\t\t<div class=\"e-con-inner\">\n\t\t\t\t<div class=\"elementor-element elementor-element-75ceb83d elementor-widget elementor-widget-text-editor\" data-id=\"75ceb83d\" data-element_type=\"widget\" data-e-type=\"widget\" data-widget_type=\"text-editor.default\">\n\t\t\t\t<div class=\"elementor-widget-container\">\n\t\t\t\t\t\t\t\t\t\n<h2 class=\"wp-block-heading\">quelques liens<\/h2>\n\n\n\n<p><a rel=\"noreferrer noopener\" aria-label=\"le site de Thierry Ancelle (opens in a new tab)\" href=\"https:\/\/www.youtube.com\/channel\/UC4PahSuDMBwVpXlVxPBxOtg\" target=\"_blank\">le site de Thierry Ancelle<\/a><\/p>\n\n\n\n<p><a href=\"https:\/\/www.youtube.com\/channel\/UCJ7_Ld2cIVY5MM3NcKW3D8A\" target=\"_blank\" rel=\"noreferrer noopener\" aria-label=\"Risque Alpha\n (opens in a new tab)\">Risque Alpha<br><\/a><\/p>\n\n\n\n<p>et pour les <a href=\"https:\/\/www.coursera.org\/learn\/temporal-and-hierarchical-analysis\/home\/welcome\" target=\"_blank\" rel=\"noreferrer noopener\" aria-label=\"s\u00e9ries temporelles (opens in a new tab)\">s\u00e9ries temporelles<\/a> (et autres&#8230;) qui continuent de me poser des probl\u00e8mes<\/p>\n\t\t\t\t\t\t\t\t<\/div>\n\t\t\t\t<\/div>\n\t\t\t\t\t<\/div>\n\t\t\t\t<\/div>\n\t\t<div class=\"elementor-element elementor-element-d74916a e-flex e-con-boxed e-con e-parent\" data-id=\"d74916a\" data-element_type=\"container\" data-e-type=\"container\">\n\t\t\t\t\t<div class=\"e-con-inner\">\n\t\t\t\t<div class=\"elementor-element elementor-element-41eb52e elementor-widget elementor-widget-wp-widget-pages\" data-id=\"41eb52e\" data-element_type=\"widget\" data-e-type=\"widget\" data-widget_type=\"wp-widget-pages.default\">\n\t\t\t\t<div class=\"elementor-widget-container\">\n\t\t\t\t\t<h5>Pages<\/h5>\n\t\t\t<ul>\n\t\t\t\t<li class=\"page_item page-item-2\"><a href=\"https:\/\/oureib.fr\/\">La Ferme Wallace?<\/a><\/li>\n<li class=\"page_item page-item-89\"><a href=\"https:\/\/oureib.fr\/index.php\/psychiatrie\/\">Psychiatrie<\/a><\/li>\n<li class=\"page_item page-item-91\"><a href=\"https:\/\/oureib.fr\/index.php\/science-fiction\/\">Science Fiction<\/a><\/li>\n<li class=\"page_item page-item-35\"><a href=\"https:\/\/oureib.fr\/index.php\/statistiques-howto\/\">Statistiques Howto<\/a><\/li>\n<li class=\"page_item page-item-104\"><a href=\"https:\/\/oureib.fr\/index.php\/theorie-des-contraintes-en-sante\/\">Th\u00e9orie des Contraintes en Sant\u00e9<\/a><\/li>\n\t\t\t<\/ul>\n\n\t\t\t\t\t\t\t<\/div>\n\t\t\t\t<\/div>\n\t\t\t\t\t<\/div>\n\t\t\t\t<\/div>\n\t\t\t\t<\/div>\n\t\t","protected":false},"excerpt":{"rendered":"<p>quelques liens le site de Thierry Ancelle Risque Alpha et pour les s\u00e9ries temporelles (et autres&#8230;) qui continuent de me poser des probl\u00e8mes<\/p>\n","protected":false},"author":1,"featured_media":0,"parent":0,"menu_order":0,"comment_status":"closed","ping_status":"closed","template":"onecolumn-page.php","meta":{"footnotes":""},"class_list":["post-35","page","type-page","status-publish","hentry"],"yoast_head":"<!-- This site is optimized with the Yoast SEO plugin v27.3 - https:\/\/yoast.com\/product\/yoast-seo-wordpress\/ -->\n<title>Statistiques Howto - La Ferme Wallace<\/title>\n<meta name=\"robots\" content=\"index, follow, max-snippet:-1, max-image-preview:large, max-video-preview:-1\" \/>\n<link rel=\"canonical\" href=\"https:\/\/oureib.fr\/index.php\/statistiques-howto\/\" \/>\n<meta property=\"og:locale\" content=\"fr_FR\" \/>\n<meta property=\"og:type\" content=\"article\" \/>\n<meta property=\"og:title\" content=\"Statistiques Howto - La Ferme Wallace\" \/>\n<meta property=\"og:description\" content=\"quelques liens le site de Thierry Ancelle Risque Alpha et pour les s\u00e9ries temporelles (et autres&#8230;) qui continuent de me poser des probl\u00e8mes\" \/>\n<meta property=\"og:url\" content=\"https:\/\/oureib.fr\/index.php\/statistiques-howto\/\" \/>\n<meta property=\"og:site_name\" content=\"La Ferme Wallace\" \/>\n<meta property=\"article:modified_time\" content=\"2025-09-14T10:23:09+00:00\" \/>\n<meta name=\"twitter:card\" content=\"summary_large_image\" \/>\n<meta name=\"twitter:label1\" content=\"Dur\u00e9e de lecture estim\u00e9e\" \/>\n\t<meta name=\"twitter:data1\" content=\"1 minute\" \/>\n<script type=\"application\/ld+json\" class=\"yoast-schema-graph\">{\"@context\":\"https:\\\/\\\/schema.org\",\"@graph\":[{\"@type\":\"WebPage\",\"@id\":\"https:\\\/\\\/oureib.fr\\\/index.php\\\/statistiques-howto\\\/\",\"url\":\"https:\\\/\\\/oureib.fr\\\/index.php\\\/statistiques-howto\\\/\",\"name\":\"Statistiques Howto - La Ferme Wallace\",\"isPartOf\":{\"@id\":\"https:\\\/\\\/oureib.fr\\\/#website\"},\"datePublished\":\"2019-10-27T15:27:19+00:00\",\"dateModified\":\"2025-09-14T10:23:09+00:00\",\"breadcrumb\":{\"@id\":\"https:\\\/\\\/oureib.fr\\\/index.php\\\/statistiques-howto\\\/#breadcrumb\"},\"inLanguage\":\"fr-FR\",\"potentialAction\":[{\"@type\":\"ReadAction\",\"target\":[\"https:\\\/\\\/oureib.fr\\\/index.php\\\/statistiques-howto\\\/\"]}]},{\"@type\":\"BreadcrumbList\",\"@id\":\"https:\\\/\\\/oureib.fr\\\/index.php\\\/statistiques-howto\\\/#breadcrumb\",\"itemListElement\":[{\"@type\":\"ListItem\",\"position\":1,\"name\":\"Accueil\",\"item\":\"https:\\\/\\\/oureib.fr\\\/\"},{\"@type\":\"ListItem\",\"position\":2,\"name\":\"Statistiques Howto\"}]},{\"@type\":\"WebSite\",\"@id\":\"https:\\\/\\\/oureib.fr\\\/#website\",\"url\":\"https:\\\/\\\/oureib.fr\\\/\",\"name\":\"La Ferme Wallace\",\"description\":\"&quot;\u2014\u00a0Enoch, je vous aime bien. Je ne sais pas ce que vous \u00eates et je ne vais pas vous le demander mais \u00e7a n&#039;emp\u00eache pas que je vous aime bien. \u2014\u00a0Je voudrais pouvoir vous dire ce que je suis.  \u2014\u00a0Ce que nous sommes, vous comme moi, \u00e7a n&#039;a pas beaucoup d&#039;importance tant qu&#039;on se trouve bien ensemble.&quot;\",\"potentialAction\":[{\"@type\":\"SearchAction\",\"target\":{\"@type\":\"EntryPoint\",\"urlTemplate\":\"https:\\\/\\\/oureib.fr\\\/?s={search_term_string}\"},\"query-input\":{\"@type\":\"PropertyValueSpecification\",\"valueRequired\":true,\"valueName\":\"search_term_string\"}}],\"inLanguage\":\"fr-FR\"}]}<\/script>\n<!-- \/ Yoast SEO plugin. -->","yoast_head_json":{"title":"Statistiques Howto - La Ferme Wallace","robots":{"index":"index","follow":"follow","max-snippet":"max-snippet:-1","max-image-preview":"max-image-preview:large","max-video-preview":"max-video-preview:-1"},"canonical":"https:\/\/oureib.fr\/index.php\/statistiques-howto\/","og_locale":"fr_FR","og_type":"article","og_title":"Statistiques Howto - La Ferme Wallace","og_description":"quelques liens le site de Thierry Ancelle Risque Alpha et pour les s\u00e9ries temporelles (et autres&#8230;) qui continuent de me poser des probl\u00e8mes","og_url":"https:\/\/oureib.fr\/index.php\/statistiques-howto\/","og_site_name":"La Ferme Wallace","article_modified_time":"2025-09-14T10:23:09+00:00","twitter_card":"summary_large_image","twitter_misc":{"Dur\u00e9e de lecture estim\u00e9e":"1 minute"},"schema":{"@context":"https:\/\/schema.org","@graph":[{"@type":"WebPage","@id":"https:\/\/oureib.fr\/index.php\/statistiques-howto\/","url":"https:\/\/oureib.fr\/index.php\/statistiques-howto\/","name":"Statistiques Howto - La Ferme Wallace","isPartOf":{"@id":"https:\/\/oureib.fr\/#website"},"datePublished":"2019-10-27T15:27:19+00:00","dateModified":"2025-09-14T10:23:09+00:00","breadcrumb":{"@id":"https:\/\/oureib.fr\/index.php\/statistiques-howto\/#breadcrumb"},"inLanguage":"fr-FR","potentialAction":[{"@type":"ReadAction","target":["https:\/\/oureib.fr\/index.php\/statistiques-howto\/"]}]},{"@type":"BreadcrumbList","@id":"https:\/\/oureib.fr\/index.php\/statistiques-howto\/#breadcrumb","itemListElement":[{"@type":"ListItem","position":1,"name":"Accueil","item":"https:\/\/oureib.fr\/"},{"@type":"ListItem","position":2,"name":"Statistiques Howto"}]},{"@type":"WebSite","@id":"https:\/\/oureib.fr\/#website","url":"https:\/\/oureib.fr\/","name":"La Ferme Wallace","description":"&quot;\u2014\u00a0Enoch, je vous aime bien. Je ne sais pas ce que vous \u00eates et je ne vais pas vous le demander mais \u00e7a n&#039;emp\u00eache pas que je vous aime bien. \u2014\u00a0Je voudrais pouvoir vous dire ce que je suis.  \u2014\u00a0Ce que nous sommes, vous comme moi, \u00e7a n&#039;a pas beaucoup d&#039;importance tant qu&#039;on se trouve bien ensemble.&quot;","potentialAction":[{"@type":"SearchAction","target":{"@type":"EntryPoint","urlTemplate":"https:\/\/oureib.fr\/?s={search_term_string}"},"query-input":{"@type":"PropertyValueSpecification","valueRequired":true,"valueName":"search_term_string"}}],"inLanguage":"fr-FR"}]}},"jetpack_sharing_enabled":true,"_links":{"self":[{"href":"https:\/\/oureib.fr\/index.php\/wp-json\/wp\/v2\/pages\/35","targetHints":{"allow":["GET"]}}],"collection":[{"href":"https:\/\/oureib.fr\/index.php\/wp-json\/wp\/v2\/pages"}],"about":[{"href":"https:\/\/oureib.fr\/index.php\/wp-json\/wp\/v2\/types\/page"}],"author":[{"embeddable":true,"href":"https:\/\/oureib.fr\/index.php\/wp-json\/wp\/v2\/users\/1"}],"replies":[{"embeddable":true,"href":"https:\/\/oureib.fr\/index.php\/wp-json\/wp\/v2\/comments?post=35"}],"version-history":[{"count":6,"href":"https:\/\/oureib.fr\/index.php\/wp-json\/wp\/v2\/pages\/35\/revisions"}],"predecessor-version":[{"id":397,"href":"https:\/\/oureib.fr\/index.php\/wp-json\/wp\/v2\/pages\/35\/revisions\/397"}],"wp:attachment":[{"href":"https:\/\/oureib.fr\/index.php\/wp-json\/wp\/v2\/media?parent=35"}],"curies":[{"name":"wp","href":"https:\/\/api.w.org\/{rel}","templated":true}]}}