{"id":89,"date":"2019-10-27T19:12:14","date_gmt":"2019-10-27T18:12:14","guid":{"rendered":"http:\/\/oureib.fr\/?page_id=89"},"modified":"2019-10-27T19:12:14","modified_gmt":"2019-10-27T18:12:14","slug":"psychiatrie","status":"publish","type":"page","link":"https:\/\/oureib.fr\/index.php\/psychiatrie\/","title":{"rendered":"Psychiatrie"},"content":{"rendered":"","protected":false},"excerpt":{"rendered":"","protected":false},"author":1,"featured_media":0,"parent":0,"menu_order":0,"comment_status":"closed","ping_status":"closed","template":"","meta":{"footnotes":""},"class_list":["post-89","page","type-page","status-publish","hentry"],"yoast_head":"<!-- This site is optimized with the Yoast SEO plugin v27.3 - https:\/\/yoast.com\/product\/yoast-seo-wordpress\/ -->\n<title>Psychiatrie - La Ferme Wallace<\/title>\n<meta name=\"robots\" content=\"index, follow, max-snippet:-1, max-image-preview:large, max-video-preview:-1\" \/>\n<link rel=\"canonical\" href=\"https:\/\/oureib.fr\/index.php\/psychiatrie\/\" \/>\n<meta property=\"og:locale\" content=\"fr_FR\" \/>\n<meta property=\"og:type\" content=\"article\" \/>\n<meta property=\"og:title\" content=\"Psychiatrie - La Ferme Wallace\" \/>\n<meta property=\"og:url\" content=\"https:\/\/oureib.fr\/index.php\/psychiatrie\/\" \/>\n<meta property=\"og:site_name\" content=\"La Ferme Wallace\" \/>\n<meta name=\"twitter:card\" content=\"summary_large_image\" \/>\n<script type=\"application\/ld+json\" class=\"yoast-schema-graph\">{\"@context\":\"https:\\\/\\\/schema.org\",\"@graph\":[{\"@type\":\"WebPage\",\"@id\":\"https:\\\/\\\/oureib.fr\\\/index.php\\\/psychiatrie\\\/\",\"url\":\"https:\\\/\\\/oureib.fr\\\/index.php\\\/psychiatrie\\\/\",\"name\":\"Psychiatrie - La Ferme Wallace\",\"isPartOf\":{\"@id\":\"https:\\\/\\\/oureib.fr\\\/#website\"},\"datePublished\":\"2019-10-27T18:12:14+00:00\",\"breadcrumb\":{\"@id\":\"https:\\\/\\\/oureib.fr\\\/index.php\\\/psychiatrie\\\/#breadcrumb\"},\"inLanguage\":\"fr-FR\",\"potentialAction\":[{\"@type\":\"ReadAction\",\"target\":[\"https:\\\/\\\/oureib.fr\\\/index.php\\\/psychiatrie\\\/\"]}]},{\"@type\":\"BreadcrumbList\",\"@id\":\"https:\\\/\\\/oureib.fr\\\/index.php\\\/psychiatrie\\\/#breadcrumb\",\"itemListElement\":[{\"@type\":\"ListItem\",\"position\":1,\"name\":\"Accueil\",\"item\":\"https:\\\/\\\/oureib.fr\\\/\"},{\"@type\":\"ListItem\",\"position\":2,\"name\":\"Psychiatrie\"}]},{\"@type\":\"WebSite\",\"@id\":\"https:\\\/\\\/oureib.fr\\\/#website\",\"url\":\"https:\\\/\\\/oureib.fr\\\/\",\"name\":\"La Ferme Wallace\",\"description\":\"&quot;\u2014\u00a0Enoch, je vous aime bien. Je ne sais pas ce que vous \u00eates et je ne vais pas vous le demander mais \u00e7a n&#039;emp\u00eache pas que je vous aime bien. \u2014\u00a0Je voudrais pouvoir vous dire ce que je suis.  \u2014\u00a0Ce que nous sommes, vous comme moi, \u00e7a n&#039;a pas beaucoup d&#039;importance tant qu&#039;on se trouve bien ensemble.&quot;\",\"potentialAction\":[{\"@type\":\"SearchAction\",\"target\":{\"@type\":\"EntryPoint\",\"urlTemplate\":\"https:\\\/\\\/oureib.fr\\\/?s={search_term_string}\"},\"query-input\":{\"@type\":\"PropertyValueSpecification\",\"valueRequired\":true,\"valueName\":\"search_term_string\"}}],\"inLanguage\":\"fr-FR\"}]}<\/script>\n<!-- \/ Yoast SEO plugin. -->","yoast_head_json":{"title":"Psychiatrie - La Ferme Wallace","robots":{"index":"index","follow":"follow","max-snippet":"max-snippet:-1","max-image-preview":"max-image-preview:large","max-video-preview":"max-video-preview:-1"},"canonical":"https:\/\/oureib.fr\/index.php\/psychiatrie\/","og_locale":"fr_FR","og_type":"article","og_title":"Psychiatrie - La Ferme Wallace","og_url":"https:\/\/oureib.fr\/index.php\/psychiatrie\/","og_site_name":"La Ferme Wallace","twitter_card":"summary_large_image","schema":{"@context":"https:\/\/schema.org","@graph":[{"@type":"WebPage","@id":"https:\/\/oureib.fr\/index.php\/psychiatrie\/","url":"https:\/\/oureib.fr\/index.php\/psychiatrie\/","name":"Psychiatrie - La Ferme Wallace","isPartOf":{"@id":"https:\/\/oureib.fr\/#website"},"datePublished":"2019-10-27T18:12:14+00:00","breadcrumb":{"@id":"https:\/\/oureib.fr\/index.php\/psychiatrie\/#breadcrumb"},"inLanguage":"fr-FR","potentialAction":[{"@type":"ReadAction","target":["https:\/\/oureib.fr\/index.php\/psychiatrie\/"]}]},{"@type":"BreadcrumbList","@id":"https:\/\/oureib.fr\/index.php\/psychiatrie\/#breadcrumb","itemListElement":[{"@type":"ListItem","position":1,"name":"Accueil","item":"https:\/\/oureib.fr\/"},{"@type":"ListItem","position":2,"name":"Psychiatrie"}]},{"@type":"WebSite","@id":"https:\/\/oureib.fr\/#website","url":"https:\/\/oureib.fr\/","name":"La Ferme Wallace","description":"&quot;\u2014\u00a0Enoch, je vous aime bien. Je ne sais pas ce que vous \u00eates et je ne vais pas vous le demander mais \u00e7a n&#039;emp\u00eache pas que je vous aime bien. \u2014\u00a0Je voudrais pouvoir vous dire ce que je suis.  \u2014\u00a0Ce que nous sommes, vous comme moi, \u00e7a n&#039;a pas beaucoup d&#039;importance tant qu&#039;on se trouve bien ensemble.&quot;","potentialAction":[{"@type":"SearchAction","target":{"@type":"EntryPoint","urlTemplate":"https:\/\/oureib.fr\/?s={search_term_string}"},"query-input":{"@type":"PropertyValueSpecification","valueRequired":true,"valueName":"search_term_string"}}],"inLanguage":"fr-FR"}]}},"jetpack_sharing_enabled":true,"_links":{"self":[{"href":"https:\/\/oureib.fr\/index.php\/wp-json\/wp\/v2\/pages\/89","targetHints":{"allow":["GET"]}}],"collection":[{"href":"https:\/\/oureib.fr\/index.php\/wp-json\/wp\/v2\/pages"}],"about":[{"href":"https:\/\/oureib.fr\/index.php\/wp-json\/wp\/v2\/types\/page"}],"author":[{"embeddable":true,"href":"https:\/\/oureib.fr\/index.php\/wp-json\/wp\/v2\/users\/1"}],"replies":[{"embeddable":true,"href":"https:\/\/oureib.fr\/index.php\/wp-json\/wp\/v2\/comments?post=89"}],"version-history":[{"count":1,"href":"https:\/\/oureib.fr\/index.php\/wp-json\/wp\/v2\/pages\/89\/revisions"}],"predecessor-version":[{"id":90,"href":"https:\/\/oureib.fr\/index.php\/wp-json\/wp\/v2\/pages\/89\/revisions\/90"}],"wp:attachment":[{"href":"https:\/\/oureib.fr\/index.php\/wp-json\/wp\/v2\/media?parent=89"}],"curies":[{"name":"wp","href":"https:\/\/api.w.org\/{rel}","templated":true}]}}