{"id":91,"date":"2019-10-27T19:12:41","date_gmt":"2019-10-27T18:12:41","guid":{"rendered":"http:\/\/oureib.fr\/?page_id=91"},"modified":"2024-03-03T13:29:35","modified_gmt":"2024-03-03T12:29:35","slug":"science-fiction","status":"publish","type":"page","link":"https:\/\/oureib.fr\/index.php\/science-fiction\/","title":{"rendered":"Science Fiction"},"content":{"rendered":"\n<p><\/p>\n\n\n<ul class=\"wp-block-latest-posts__list wp-block-latest-posts\"><li><a class=\"wp-block-latest-posts__post-title\" href=\"https:\/\/oureib.fr\/index.php\/2024\/02\/28\/1983\/\">1983: Mar\u00e9e Stellaire<\/a><\/li>\n<li><a class=\"wp-block-latest-posts__post-title\" href=\"https:\/\/oureib.fr\/index.php\/2024\/02\/02\/1972\/\">1972: L&rsquo;Oreille Interne<\/a><\/li>\n<li><a class=\"wp-block-latest-posts__post-title\" href=\"https:\/\/oureib.fr\/index.php\/2021\/04\/05\/vita-nostra-lanti-harry-potter\/\">Vita Nostra: l\u2019anti Harry Potter<\/a><\/li>\n<li><a class=\"wp-block-latest-posts__post-title\" href=\"https:\/\/oureib.fr\/index.php\/2019\/10\/27\/lincivilite-des-fantomes\/\">L&rsquo;incivilit\u00e9 des fant\u00f4mes<\/a><\/li>\n<\/ul>\n\n\n<p>Je me propose d&rsquo;\u00e9crire une histoire (critique, partielle, partiale) de la SF des 50 derni\u00e8res ann\u00e9es. partir de 1972 et la fin de l&rsquo;histoire de Jacques Sadoul. je choisis de publier un article par ann\u00e9e avec \u00e0 chaque fois mon titre pr\u00e9f\u00e9r\u00e9 (c&rsquo;est une histoire partiale&#8230;), et une petite notice autobiographique car ce sont aussi des souvenirs<\/p>\n\n\n\n<h2 class=\"wp-block-heading\">Les sources (pour le moment)<\/h2>\n\n\n\n<ul class=\"wp-block-list\">\n<li>Gerry Canavan, Eric Carl Link, <em>The Cambridge History of Science&nbsp;Fiction<\/em>. Cambridge University Press. 2019 819p<\/li>\n\n\n\n<li>Sadoul Jacques, <em>Histoire de La Science Fiction Moderne<\/em>. Albin Michel. 1973. 416p<\/li>\n\n\n\n<li>l&rsquo;<a href=\"https:\/\/www.isfdb.org\/\">Internet Speculative Fiction Database<\/a>: <\/li>\n<\/ul>\n\n\n\n<p><\/p>\n","protected":false},"excerpt":{"rendered":"<p>Je me propose d&rsquo;\u00e9crire une histoire (critique, partielle, partiale) de la SF des 50 derni\u00e8res ann\u00e9es. partir de 1972 et la fin de l&rsquo;histoire de Jacques Sadoul. je choisis de publier un article par ann\u00e9e avec \u00e0 chaque fois mon &hellip; <a href=\"https:\/\/oureib.fr\/index.php\/science-fiction\/\">Continuer la lecture <span class=\"meta-nav\">&rarr;<\/span><\/a><\/p>\n","protected":false},"author":1,"featured_media":0,"parent":0,"menu_order":0,"comment_status":"closed","ping_status":"closed","template":"","meta":{"footnotes":""},"class_list":["post-91","page","type-page","status-publish","hentry"],"yoast_head":"<!-- This site is optimized with the Yoast SEO plugin v27.3 - https:\/\/yoast.com\/product\/yoast-seo-wordpress\/ -->\n<title>Science Fiction - La Ferme Wallace<\/title>\n<meta name=\"robots\" content=\"index, follow, max-snippet:-1, max-image-preview:large, max-video-preview:-1\" \/>\n<link rel=\"canonical\" href=\"https:\/\/oureib.fr\/index.php\/science-fiction\/\" \/>\n<meta property=\"og:locale\" content=\"fr_FR\" \/>\n<meta property=\"og:type\" content=\"article\" \/>\n<meta property=\"og:title\" content=\"Science Fiction - La Ferme Wallace\" \/>\n<meta property=\"og:description\" content=\"Je me propose d&rsquo;\u00e9crire une histoire (critique, partielle, partiale) de la SF des 50 derni\u00e8res ann\u00e9es. partir de 1972 et la fin de l&rsquo;histoire de Jacques Sadoul. je choisis de publier un article par ann\u00e9e avec \u00e0 chaque fois mon &hellip; Continuer la lecture &rarr;\" \/>\n<meta property=\"og:url\" content=\"https:\/\/oureib.fr\/index.php\/science-fiction\/\" \/>\n<meta property=\"og:site_name\" content=\"La Ferme Wallace\" \/>\n<meta property=\"article:modified_time\" content=\"2024-03-03T12:29:35+00:00\" \/>\n<meta name=\"twitter:card\" content=\"summary_large_image\" \/>\n<meta name=\"twitter:label1\" content=\"Dur\u00e9e de lecture estim\u00e9e\" \/>\n\t<meta name=\"twitter:data1\" content=\"1 minute\" \/>\n<script type=\"application\/ld+json\" class=\"yoast-schema-graph\">{\"@context\":\"https:\\\/\\\/schema.org\",\"@graph\":[{\"@type\":\"WebPage\",\"@id\":\"https:\\\/\\\/oureib.fr\\\/index.php\\\/science-fiction\\\/\",\"url\":\"https:\\\/\\\/oureib.fr\\\/index.php\\\/science-fiction\\\/\",\"name\":\"Science Fiction - La Ferme Wallace\",\"isPartOf\":{\"@id\":\"https:\\\/\\\/oureib.fr\\\/#website\"},\"datePublished\":\"2019-10-27T18:12:41+00:00\",\"dateModified\":\"2024-03-03T12:29:35+00:00\",\"breadcrumb\":{\"@id\":\"https:\\\/\\\/oureib.fr\\\/index.php\\\/science-fiction\\\/#breadcrumb\"},\"inLanguage\":\"fr-FR\",\"potentialAction\":[{\"@type\":\"ReadAction\",\"target\":[\"https:\\\/\\\/oureib.fr\\\/index.php\\\/science-fiction\\\/\"]}]},{\"@type\":\"BreadcrumbList\",\"@id\":\"https:\\\/\\\/oureib.fr\\\/index.php\\\/science-fiction\\\/#breadcrumb\",\"itemListElement\":[{\"@type\":\"ListItem\",\"position\":1,\"name\":\"Accueil\",\"item\":\"https:\\\/\\\/oureib.fr\\\/\"},{\"@type\":\"ListItem\",\"position\":2,\"name\":\"Science Fiction\"}]},{\"@type\":\"WebSite\",\"@id\":\"https:\\\/\\\/oureib.fr\\\/#website\",\"url\":\"https:\\\/\\\/oureib.fr\\\/\",\"name\":\"La Ferme Wallace\",\"description\":\"&quot;\u2014\u00a0Enoch, je vous aime bien. Je ne sais pas ce que vous \u00eates et je ne vais pas vous le demander mais \u00e7a n&#039;emp\u00eache pas que je vous aime bien. \u2014\u00a0Je voudrais pouvoir vous dire ce que je suis.  \u2014\u00a0Ce que nous sommes, vous comme moi, \u00e7a n&#039;a pas beaucoup d&#039;importance tant qu&#039;on se trouve bien ensemble.&quot;\",\"potentialAction\":[{\"@type\":\"SearchAction\",\"target\":{\"@type\":\"EntryPoint\",\"urlTemplate\":\"https:\\\/\\\/oureib.fr\\\/?s={search_term_string}\"},\"query-input\":{\"@type\":\"PropertyValueSpecification\",\"valueRequired\":true,\"valueName\":\"search_term_string\"}}],\"inLanguage\":\"fr-FR\"}]}<\/script>\n<!-- \/ Yoast SEO plugin. -->","yoast_head_json":{"title":"Science Fiction - La Ferme Wallace","robots":{"index":"index","follow":"follow","max-snippet":"max-snippet:-1","max-image-preview":"max-image-preview:large","max-video-preview":"max-video-preview:-1"},"canonical":"https:\/\/oureib.fr\/index.php\/science-fiction\/","og_locale":"fr_FR","og_type":"article","og_title":"Science Fiction - La Ferme Wallace","og_description":"Je me propose d&rsquo;\u00e9crire une histoire (critique, partielle, partiale) de la SF des 50 derni\u00e8res ann\u00e9es. partir de 1972 et la fin de l&rsquo;histoire de Jacques Sadoul. je choisis de publier un article par ann\u00e9e avec \u00e0 chaque fois mon &hellip; Continuer la lecture &rarr;","og_url":"https:\/\/oureib.fr\/index.php\/science-fiction\/","og_site_name":"La Ferme Wallace","article_modified_time":"2024-03-03T12:29:35+00:00","twitter_card":"summary_large_image","twitter_misc":{"Dur\u00e9e de lecture estim\u00e9e":"1 minute"},"schema":{"@context":"https:\/\/schema.org","@graph":[{"@type":"WebPage","@id":"https:\/\/oureib.fr\/index.php\/science-fiction\/","url":"https:\/\/oureib.fr\/index.php\/science-fiction\/","name":"Science Fiction - La Ferme Wallace","isPartOf":{"@id":"https:\/\/oureib.fr\/#website"},"datePublished":"2019-10-27T18:12:41+00:00","dateModified":"2024-03-03T12:29:35+00:00","breadcrumb":{"@id":"https:\/\/oureib.fr\/index.php\/science-fiction\/#breadcrumb"},"inLanguage":"fr-FR","potentialAction":[{"@type":"ReadAction","target":["https:\/\/oureib.fr\/index.php\/science-fiction\/"]}]},{"@type":"BreadcrumbList","@id":"https:\/\/oureib.fr\/index.php\/science-fiction\/#breadcrumb","itemListElement":[{"@type":"ListItem","position":1,"name":"Accueil","item":"https:\/\/oureib.fr\/"},{"@type":"ListItem","position":2,"name":"Science Fiction"}]},{"@type":"WebSite","@id":"https:\/\/oureib.fr\/#website","url":"https:\/\/oureib.fr\/","name":"La Ferme Wallace","description":"&quot;\u2014\u00a0Enoch, je vous aime bien. Je ne sais pas ce que vous \u00eates et je ne vais pas vous le demander mais \u00e7a n&#039;emp\u00eache pas que je vous aime bien. \u2014\u00a0Je voudrais pouvoir vous dire ce que je suis.  \u2014\u00a0Ce que nous sommes, vous comme moi, \u00e7a n&#039;a pas beaucoup d&#039;importance tant qu&#039;on se trouve bien ensemble.&quot;","potentialAction":[{"@type":"SearchAction","target":{"@type":"EntryPoint","urlTemplate":"https:\/\/oureib.fr\/?s={search_term_string}"},"query-input":{"@type":"PropertyValueSpecification","valueRequired":true,"valueName":"search_term_string"}}],"inLanguage":"fr-FR"}]}},"jetpack_sharing_enabled":true,"_links":{"self":[{"href":"https:\/\/oureib.fr\/index.php\/wp-json\/wp\/v2\/pages\/91","targetHints":{"allow":["GET"]}}],"collection":[{"href":"https:\/\/oureib.fr\/index.php\/wp-json\/wp\/v2\/pages"}],"about":[{"href":"https:\/\/oureib.fr\/index.php\/wp-json\/wp\/v2\/types\/page"}],"author":[{"embeddable":true,"href":"https:\/\/oureib.fr\/index.php\/wp-json\/wp\/v2\/users\/1"}],"replies":[{"embeddable":true,"href":"https:\/\/oureib.fr\/index.php\/wp-json\/wp\/v2\/comments?post=91"}],"version-history":[{"count":8,"href":"https:\/\/oureib.fr\/index.php\/wp-json\/wp\/v2\/pages\/91\/revisions"}],"predecessor-version":[{"id":346,"href":"https:\/\/oureib.fr\/index.php\/wp-json\/wp\/v2\/pages\/91\/revisions\/346"}],"wp:attachment":[{"href":"https:\/\/oureib.fr\/index.php\/wp-json\/wp\/v2\/media?parent=91"}],"curies":[{"name":"wp","href":"https:\/\/api.w.org\/{rel}","templated":true}]}}